{"id":10910,"date":"2022-12-15T23:41:13","date_gmt":"2022-12-15T23:41:13","guid":{"rendered":"https:\/\/pan-barber.pl\/?page_id=10910"},"modified":"2024-06-09T17:49:44","modified_gmt":"2024-06-09T17:49:44","slug":"galeria","status":"publish","type":"page","link":"https:\/\/pan-barber.pl\/en\/galeria\/","title":{"rendered":"Galeria"},"content":{"rendered":"<div data-elementor-type=\"wp-page\" data-elementor-id=\"10910\" class=\"elementor elementor-10910\" data-elementor-post-type=\"page\">\n\t\t\t\t\t\t<section class=\"elementor-section elementor-top-section elementor-element elementor-element-9bfe49d elementor-section-boxed elementor-section-height-default elementor-section-height-default wd-section-disabled\" data-id=\"9bfe49d\" data-element_type=\"section\" data-e-type=\"section\">\n\t\t\t\t\t\t<div class=\"elementor-container elementor-column-gap-default\">\n\t\t\t\t\t<div class=\"elementor-column elementor-col-100 elementor-top-column elementor-element elementor-element-08d3455\" data-id=\"08d3455\" data-element_type=\"column\" data-e-type=\"column\">\n\t\t\t<div class=\"elementor-widget-wrap elementor-element-populated\">\n\t\t\t\t\t\t<div class=\"elementor-element elementor-element-519fa0f elementor-widget elementor-widget-heading\" data-id=\"519fa0f\" data-element_type=\"widget\" data-e-type=\"widget\" data-widget_type=\"heading.default\">\n\t\t\t\t<div class=\"elementor-widget-container\">\n\t\t\t\t\t<h2 class=\"elementor-heading-title elementor-size-default\">\u0141a\u0144cut<\/h2>\t\t\t\t<\/div>\n\t\t\t\t<\/div>\n\t\t\t\t<div class=\"elementor-element elementor-element-290479a elementor-widget elementor-widget-gallery\" data-id=\"290479a\" data-element_type=\"widget\" data-e-type=\"widget\" data-settings=\"{&quot;gallery_layout&quot;:&quot;masonry&quot;,&quot;columns&quot;:3,&quot;lazyload&quot;:&quot;yes&quot;,&quot;columns_tablet&quot;:2,&quot;columns_mobile&quot;:1,&quot;gap&quot;:{&quot;unit&quot;:&quot;px&quot;,&quot;size&quot;:10,&quot;sizes&quot;:[]},&quot;gap_tablet&quot;:{&quot;unit&quot;:&quot;px&quot;,&quot;size&quot;:10,&quot;sizes&quot;:[]},&quot;gap_mobile&quot;:{&quot;unit&quot;:&quot;px&quot;,&quot;size&quot;:10,&quot;sizes&quot;:[]},&quot;link_to&quot;:&quot;file&quot;,&quot;content_hover_animation&quot;:&quot;fade-in&quot;}\" data-widget_type=\"gallery.default\">\n\t\t\t\t<div class=\"elementor-widget-container\">\n\t\t\t\t\t\t\t<div class=\"elementor-gallery__container\">\n\t\t\t\t\t\t\t<a class=\"e-gallery-item elementor-gallery-item elementor-animated-content\" href=\"https:\/\/pan-barber.pl\/wp-content\/uploads\/2022\/12\/PRZ03452-scaled.jpg\" data-elementor-open-lightbox=\"yes\" data-elementor-lightbox-slideshow=\"290479a\" data-elementor-lightbox-title=\"PRZ03452\" data-e-action-hash=\"#elementor-action%3Aaction%3Dlightbox%26settings%3DeyJpZCI6MTA5MDEsInVybCI6Imh0dHBzOlwvXC9wYW4tYmFyYmVyLnBsXC93cC1jb250ZW50XC91cGxvYWRzXC8yMDIyXC8xMlwvUFJaMDM0NTItc2NhbGVkLmpwZyIsInNsaWRlc2hvdyI6IjI5MDQ3OWEifQ%3D%3D\">\n\t\t\t\t\t<div class=\"e-gallery-image elementor-gallery-item__image\" data-thumbnail=\"https:\/\/pan-barber.pl\/wp-content\/uploads\/2022\/12\/PRZ03452-400x225.jpg\" data-width=\"400\" data-height=\"225\" aria-label=\"\" role=\"img\" ><\/div>\n\t\t\t\t\t\t\t\t\t\t\t\t\t\t<\/a>\n\t\t\t\t\t\t\t<a class=\"e-gallery-item elementor-gallery-item elementor-animated-content\" href=\"https:\/\/pan-barber.pl\/wp-content\/uploads\/2022\/12\/PRZ03422-scaled.jpg\" data-elementor-open-lightbox=\"yes\" data-elementor-lightbox-slideshow=\"290479a\" data-elementor-lightbox-title=\"PRZ03422\" data-e-action-hash=\"#elementor-action%3Aaction%3Dlightbox%26settings%3DeyJpZCI6MTA5MDIsInVybCI6Imh0dHBzOlwvXC9wYW4tYmFyYmVyLnBsXC93cC1jb250ZW50XC91cGxvYWRzXC8yMDIyXC8xMlwvUFJaMDM0MjItc2NhbGVkLmpwZyIsInNsaWRlc2hvdyI6IjI5MDQ3OWEifQ%3D%3D\">\n\t\t\t\t\t<div class=\"e-gallery-image elementor-gallery-item__image\" data-thumbnail=\"https:\/\/pan-barber.pl\/wp-content\/uploads\/2022\/12\/PRZ03422-400x225.jpg\" data-width=\"400\" data-height=\"225\" aria-label=\"\" role=\"img\" ><\/div>\n\t\t\t\t\t\t\t\t\t\t\t\t\t\t<\/a>\n\t\t\t\t\t\t\t<a class=\"e-gallery-item elementor-gallery-item elementor-animated-content\" href=\"https:\/\/pan-barber.pl\/wp-content\/uploads\/2022\/12\/PRZ03414-scaled.jpg\" data-elementor-open-lightbox=\"yes\" data-elementor-lightbox-slideshow=\"290479a\" data-elementor-lightbox-title=\"PRZ03414\" data-e-action-hash=\"#elementor-action%3Aaction%3Dlightbox%26settings%3DeyJpZCI6MTA5MDMsInVybCI6Imh0dHBzOlwvXC9wYW4tYmFyYmVyLnBsXC93cC1jb250ZW50XC91cGxvYWRzXC8yMDIyXC8xMlwvUFJaMDM0MTQtc2NhbGVkLmpwZyIsInNsaWRlc2hvdyI6IjI5MDQ3OWEifQ%3D%3D\">\n\t\t\t\t\t<div class=\"e-gallery-image elementor-gallery-item__image\" data-thumbnail=\"https:\/\/pan-barber.pl\/wp-content\/uploads\/2022\/12\/PRZ03414-400x225.jpg\" data-width=\"400\" data-height=\"225\" aria-label=\"\" role=\"img\" ><\/div>\n\t\t\t\t\t\t\t\t\t\t\t\t\t\t<\/a>\n\t\t\t\t\t\t\t<a class=\"e-gallery-item elementor-gallery-item elementor-animated-content\" href=\"https:\/\/pan-barber.pl\/wp-content\/uploads\/2022\/12\/kart1_236-scaled.jpg\" data-elementor-open-lightbox=\"yes\" data-elementor-lightbox-slideshow=\"290479a\" data-elementor-lightbox-title=\"kart1_236\" data-e-action-hash=\"#elementor-action%3Aaction%3Dlightbox%26settings%3DeyJpZCI6MTA5MDksInVybCI6Imh0dHBzOlwvXC9wYW4tYmFyYmVyLnBsXC93cC1jb250ZW50XC91cGxvYWRzXC8yMDIyXC8xMlwva2FydDFfMjM2LXNjYWxlZC5qcGciLCJzbGlkZXNob3ciOiIyOTA0NzlhIn0%3D\">\n\t\t\t\t\t<div class=\"e-gallery-image elementor-gallery-item__image\" data-thumbnail=\"https:\/\/pan-barber.pl\/wp-content\/uploads\/2022\/12\/kart1_236-400x225.jpg\" data-width=\"400\" data-height=\"225\" aria-label=\"\" role=\"img\" ><\/div>\n\t\t\t\t\t\t\t\t\t\t\t\t\t\t<\/a>\n\t\t\t\t\t\t\t<a class=\"e-gallery-item elementor-gallery-item elementor-animated-content\" href=\"https:\/\/pan-barber.pl\/wp-content\/uploads\/2022\/12\/kart1_275-scaled.jpg\" data-elementor-open-lightbox=\"yes\" data-elementor-lightbox-slideshow=\"290479a\" data-elementor-lightbox-title=\"kart1_275\" data-e-action-hash=\"#elementor-action%3Aaction%3Dlightbox%26settings%3DeyJpZCI6MTA5MDgsInVybCI6Imh0dHBzOlwvXC9wYW4tYmFyYmVyLnBsXC93cC1jb250ZW50XC91cGxvYWRzXC8yMDIyXC8xMlwva2FydDFfMjc1LXNjYWxlZC5qcGciLCJzbGlkZXNob3ciOiIyOTA0NzlhIn0%3D\">\n\t\t\t\t\t<div class=\"e-gallery-image elementor-gallery-item__image\" data-thumbnail=\"https:\/\/pan-barber.pl\/wp-content\/uploads\/2022\/12\/kart1_275-400x225.jpg\" data-width=\"400\" data-height=\"225\" aria-label=\"\" role=\"img\" ><\/div>\n\t\t\t\t\t\t\t\t\t\t\t\t\t\t<\/a>\n\t\t\t\t\t\t\t<a class=\"e-gallery-item elementor-gallery-item elementor-animated-content\" href=\"https:\/\/pan-barber.pl\/wp-content\/uploads\/2022\/12\/kart1_261-scaled.jpg\" data-elementor-open-lightbox=\"yes\" data-elementor-lightbox-slideshow=\"290479a\" data-elementor-lightbox-title=\"kart1_261\" data-e-action-hash=\"#elementor-action%3Aaction%3Dlightbox%26settings%3DeyJpZCI6MTA5MDcsInVybCI6Imh0dHBzOlwvXC9wYW4tYmFyYmVyLnBsXC93cC1jb250ZW50XC91cGxvYWRzXC8yMDIyXC8xMlwva2FydDFfMjYxLXNjYWxlZC5qcGciLCJzbGlkZXNob3ciOiIyOTA0NzlhIn0%3D\">\n\t\t\t\t\t<div class=\"e-gallery-image elementor-gallery-item__image\" data-thumbnail=\"https:\/\/pan-barber.pl\/wp-content\/uploads\/2022\/12\/kart1_261-400x225.jpg\" data-width=\"400\" data-height=\"225\" aria-label=\"\" role=\"img\" ><\/div>\n\t\t\t\t\t\t\t\t\t\t\t\t\t\t<\/a>\n\t\t\t\t\t\t\t<a class=\"e-gallery-item elementor-gallery-item elementor-animated-content\" href=\"https:\/\/pan-barber.pl\/wp-content\/uploads\/2022\/12\/kart1_281-scaled.jpg\" data-elementor-open-lightbox=\"yes\" data-elementor-lightbox-slideshow=\"290479a\" data-elementor-lightbox-title=\"kart1_281\" data-e-action-hash=\"#elementor-action%3Aaction%3Dlightbox%26settings%3DeyJpZCI6MTA5MDYsInVybCI6Imh0dHBzOlwvXC9wYW4tYmFyYmVyLnBsXC93cC1jb250ZW50XC91cGxvYWRzXC8yMDIyXC8xMlwva2FydDFfMjgxLXNjYWxlZC5qcGciLCJzbGlkZXNob3ciOiIyOTA0NzlhIn0%3D\">\n\t\t\t\t\t<div class=\"e-gallery-image elementor-gallery-item__image\" data-thumbnail=\"https:\/\/pan-barber.pl\/wp-content\/uploads\/2022\/12\/kart1_281-400x225.jpg\" data-width=\"400\" data-height=\"225\" aria-label=\"\" role=\"img\" ><\/div>\n\t\t\t\t\t\t\t\t\t\t\t\t\t\t<\/a>\n\t\t\t\t\t\t\t<a class=\"e-gallery-item elementor-gallery-item elementor-animated-content\" href=\"https:\/\/pan-barber.pl\/wp-content\/uploads\/2022\/12\/kart1-284-scaled.jpg\" data-elementor-open-lightbox=\"yes\" data-elementor-lightbox-slideshow=\"290479a\" data-elementor-lightbox-title=\"kart1 (284)\" data-e-action-hash=\"#elementor-action%3Aaction%3Dlightbox%26settings%3DeyJpZCI6MTA5MDUsInVybCI6Imh0dHBzOlwvXC9wYW4tYmFyYmVyLnBsXC93cC1jb250ZW50XC91cGxvYWRzXC8yMDIyXC8xMlwva2FydDEtMjg0LXNjYWxlZC5qcGciLCJzbGlkZXNob3ciOiIyOTA0NzlhIn0%3D\">\n\t\t\t\t\t<div class=\"e-gallery-image elementor-gallery-item__image\" data-thumbnail=\"https:\/\/pan-barber.pl\/wp-content\/uploads\/2022\/12\/kart1-284-400x225.jpg\" data-width=\"400\" data-height=\"225\" aria-label=\"\" role=\"img\" ><\/div>\n\t\t\t\t\t\t\t\t\t\t\t\t\t\t<\/a>\n\t\t\t\t\t\t\t<a class=\"e-gallery-item elementor-gallery-item elementor-animated-content\" href=\"https:\/\/pan-barber.pl\/wp-content\/uploads\/2022\/12\/PRZ03410-scaled.jpg\" data-elementor-open-lightbox=\"yes\" data-elementor-lightbox-slideshow=\"290479a\" data-elementor-lightbox-title=\"PRZ03410\" data-e-action-hash=\"#elementor-action%3Aaction%3Dlightbox%26settings%3DeyJpZCI6MTA5MDQsInVybCI6Imh0dHBzOlwvXC9wYW4tYmFyYmVyLnBsXC93cC1jb250ZW50XC91cGxvYWRzXC8yMDIyXC8xMlwvUFJaMDM0MTAtc2NhbGVkLmpwZyIsInNsaWRlc2hvdyI6IjI5MDQ3OWEifQ%3D%3D\">\n\t\t\t\t\t<div class=\"e-gallery-image elementor-gallery-item__image\" data-thumbnail=\"https:\/\/pan-barber.pl\/wp-content\/uploads\/2022\/12\/PRZ03410-400x225.jpg\" data-width=\"400\" data-height=\"225\" aria-label=\"\" role=\"img\" ><\/div>\n\t\t\t\t\t\t\t\t\t\t\t\t\t\t<\/a>\n\t\t\t\t\t\t\t<a class=\"e-gallery-item elementor-gallery-item elementor-animated-content\" href=\"https:\/\/pan-barber.pl\/wp-content\/uploads\/2022\/11\/kart1-267-1.jpg\" data-elementor-open-lightbox=\"yes\" data-elementor-lightbox-slideshow=\"290479a\" data-elementor-lightbox-title=\"kart1 (267) (1)\" data-e-action-hash=\"#elementor-action%3Aaction%3Dlightbox%26settings%3DeyJpZCI6MTA2MzgsInVybCI6Imh0dHBzOlwvXC9wYW4tYmFyYmVyLnBsXC93cC1jb250ZW50XC91cGxvYWRzXC8yMDIyXC8xMVwva2FydDEtMjY3LTEuanBnIiwic2xpZGVzaG93IjoiMjkwNDc5YSJ9\">\n\t\t\t\t\t<div class=\"e-gallery-image elementor-gallery-item__image\" data-thumbnail=\"https:\/\/pan-barber.pl\/wp-content\/uploads\/2022\/11\/kart1-267-1-400x225.jpg\" data-width=\"400\" data-height=\"225\" aria-label=\"\" role=\"img\" ><\/div>\n\t\t\t\t\t\t\t\t\t\t\t\t\t\t<\/a>\n\t\t\t\t\t<\/div>\n\t\t\t\t\t<\/div>\n\t\t\t\t<\/div>\n\t\t\t\t<div class=\"elementor-element elementor-element-ffb3948 elementor-widget elementor-widget-heading\" data-id=\"ffb3948\" data-element_type=\"widget\" data-e-type=\"widget\" data-widget_type=\"heading.default\">\n\t\t\t\t<div class=\"elementor-widget-container\">\n\t\t\t\t\t<h2 class=\"elementor-heading-title elementor-size-default\">Rzesz\u00f3w<\/h2>\t\t\t\t<\/div>\n\t\t\t\t<\/div>\n\t\t\t\t<div class=\"elementor-element elementor-element-c712f22 elementor-widget elementor-widget-gallery\" data-id=\"c712f22\" data-element_type=\"widget\" data-e-type=\"widget\" data-settings=\"{&quot;gallery_layout&quot;:&quot;masonry&quot;,&quot;columns&quot;:3,&quot;lazyload&quot;:&quot;yes&quot;,&quot;columns_tablet&quot;:2,&quot;columns_mobile&quot;:1,&quot;gap&quot;:{&quot;unit&quot;:&quot;px&quot;,&quot;size&quot;:10,&quot;sizes&quot;:[]},&quot;gap_tablet&quot;:{&quot;unit&quot;:&quot;px&quot;,&quot;size&quot;:10,&quot;sizes&quot;:[]},&quot;gap_mobile&quot;:{&quot;unit&quot;:&quot;px&quot;,&quot;size&quot;:10,&quot;sizes&quot;:[]},&quot;link_to&quot;:&quot;file&quot;,&quot;content_hover_animation&quot;:&quot;fade-in&quot;}\" data-widget_type=\"gallery.default\">\n\t\t\t\t<div class=\"elementor-widget-container\">\n\t\t\t\t\t\t\t<div class=\"elementor-gallery__container\">\n\t\t\t\t\t\t\t<a class=\"e-gallery-item elementor-gallery-item elementor-animated-content\" href=\"https:\/\/pan-barber.pl\/wp-content\/uploads\/2023\/08\/PRZ03998-scaled.jpg\" data-elementor-open-lightbox=\"yes\" data-elementor-lightbox-slideshow=\"c712f22\" data-elementor-lightbox-title=\"PRZ03998\" data-e-action-hash=\"#elementor-action%3Aaction%3Dlightbox%26settings%3DeyJpZCI6MTEwMzIsInVybCI6Imh0dHBzOlwvXC9wYW4tYmFyYmVyLnBsXC93cC1jb250ZW50XC91cGxvYWRzXC8yMDIzXC8wOFwvUFJaMDM5OTgtc2NhbGVkLmpwZyIsInNsaWRlc2hvdyI6ImM3MTJmMjIifQ%3D%3D\">\n\t\t\t\t\t<div class=\"e-gallery-image elementor-gallery-item__image\" data-thumbnail=\"https:\/\/pan-barber.pl\/wp-content\/uploads\/2023\/08\/PRZ03998-400x225.jpg\" data-width=\"400\" data-height=\"225\" aria-label=\"\" role=\"img\" ><\/div>\n\t\t\t\t\t\t\t\t\t\t\t\t\t\t<\/a>\n\t\t\t\t\t\t\t<a class=\"e-gallery-item elementor-gallery-item elementor-animated-content\" href=\"https:\/\/pan-barber.pl\/wp-content\/uploads\/2023\/08\/PRZ03996-scaled.jpg\" data-elementor-open-lightbox=\"yes\" data-elementor-lightbox-slideshow=\"c712f22\" data-elementor-lightbox-title=\"PRZ03996\" data-e-action-hash=\"#elementor-action%3Aaction%3Dlightbox%26settings%3DeyJpZCI6MTEwMzEsInVybCI6Imh0dHBzOlwvXC9wYW4tYmFyYmVyLnBsXC93cC1jb250ZW50XC91cGxvYWRzXC8yMDIzXC8wOFwvUFJaMDM5OTYtc2NhbGVkLmpwZyIsInNsaWRlc2hvdyI6ImM3MTJmMjIifQ%3D%3D\">\n\t\t\t\t\t<div class=\"e-gallery-image elementor-gallery-item__image\" data-thumbnail=\"https:\/\/pan-barber.pl\/wp-content\/uploads\/2023\/08\/PRZ03996-400x225.jpg\" data-width=\"400\" data-height=\"225\" aria-label=\"\" role=\"img\" ><\/div>\n\t\t\t\t\t\t\t\t\t\t\t\t\t\t<\/a>\n\t\t\t\t\t\t\t<a class=\"e-gallery-item elementor-gallery-item elementor-animated-content\" href=\"https:\/\/pan-barber.pl\/wp-content\/uploads\/2023\/08\/PRZ03993.jpg\" data-elementor-open-lightbox=\"yes\" data-elementor-lightbox-slideshow=\"c712f22\" data-elementor-lightbox-title=\"PRZ03993\" data-e-action-hash=\"#elementor-action%3Aaction%3Dlightbox%26settings%3DeyJpZCI6MTEwMzAsInVybCI6Imh0dHBzOlwvXC9wYW4tYmFyYmVyLnBsXC93cC1jb250ZW50XC91cGxvYWRzXC8yMDIzXC8wOFwvUFJaMDM5OTMuanBnIiwic2xpZGVzaG93IjoiYzcxMmYyMiJ9\">\n\t\t\t\t\t<div class=\"e-gallery-image elementor-gallery-item__image\" data-thumbnail=\"https:\/\/pan-barber.pl\/wp-content\/uploads\/2023\/08\/PRZ03993.jpg\" data-width=\"1\" data-height=\"1\" aria-label=\"\" role=\"img\" ><\/div>\n\t\t\t\t\t\t\t\t\t\t\t\t\t\t<\/a>\n\t\t\t\t\t\t\t<a class=\"e-gallery-item elementor-gallery-item elementor-animated-content\" href=\"https:\/\/pan-barber.pl\/wp-content\/uploads\/2023\/08\/PRZ03947.jpg\" data-elementor-open-lightbox=\"yes\" data-elementor-lightbox-slideshow=\"c712f22\" data-elementor-lightbox-title=\"PRZ03947\" data-e-action-hash=\"#elementor-action%3Aaction%3Dlightbox%26settings%3DeyJpZCI6MTEwMjksInVybCI6Imh0dHBzOlwvXC9wYW4tYmFyYmVyLnBsXC93cC1jb250ZW50XC91cGxvYWRzXC8yMDIzXC8wOFwvUFJaMDM5NDcuanBnIiwic2xpZGVzaG93IjoiYzcxMmYyMiJ9\">\n\t\t\t\t\t<div class=\"e-gallery-image elementor-gallery-item__image\" data-thumbnail=\"https:\/\/pan-barber.pl\/wp-content\/uploads\/2023\/08\/PRZ03947.jpg\" data-width=\"1\" data-height=\"1\" aria-label=\"\" role=\"img\" ><\/div>\n\t\t\t\t\t\t\t\t\t\t\t\t\t\t<\/a>\n\t\t\t\t\t\t\t<a class=\"e-gallery-item elementor-gallery-item elementor-animated-content\" href=\"https:\/\/pan-barber.pl\/wp-content\/uploads\/2023\/08\/PRZ03942.jpg\" data-elementor-open-lightbox=\"yes\" data-elementor-lightbox-slideshow=\"c712f22\" data-elementor-lightbox-title=\"PRZ03942\" data-e-action-hash=\"#elementor-action%3Aaction%3Dlightbox%26settings%3DeyJpZCI6MTEwMjgsInVybCI6Imh0dHBzOlwvXC9wYW4tYmFyYmVyLnBsXC93cC1jb250ZW50XC91cGxvYWRzXC8yMDIzXC8wOFwvUFJaMDM5NDIuanBnIiwic2xpZGVzaG93IjoiYzcxMmYyMiJ9\">\n\t\t\t\t\t<div class=\"e-gallery-image elementor-gallery-item__image\" data-thumbnail=\"https:\/\/pan-barber.pl\/wp-content\/uploads\/2023\/08\/PRZ03942.jpg\" data-width=\"1\" data-height=\"1\" aria-label=\"\" role=\"img\" ><\/div>\n\t\t\t\t\t\t\t\t\t\t\t\t\t\t<\/a>\n\t\t\t\t\t\t\t<a class=\"e-gallery-item elementor-gallery-item elementor-animated-content\" href=\"https:\/\/pan-barber.pl\/wp-content\/uploads\/2023\/08\/PRZ03904-scaled.jpg\" data-elementor-open-lightbox=\"yes\" data-elementor-lightbox-slideshow=\"c712f22\" data-elementor-lightbox-title=\"PRZ03904\" data-e-action-hash=\"#elementor-action%3Aaction%3Dlightbox%26settings%3DeyJpZCI6MTEwMjcsInVybCI6Imh0dHBzOlwvXC9wYW4tYmFyYmVyLnBsXC93cC1jb250ZW50XC91cGxvYWRzXC8yMDIzXC8wOFwvUFJaMDM5MDQtc2NhbGVkLmpwZyIsInNsaWRlc2hvdyI6ImM3MTJmMjIifQ%3D%3D\">\n\t\t\t\t\t<div class=\"e-gallery-image elementor-gallery-item__image\" data-thumbnail=\"https:\/\/pan-barber.pl\/wp-content\/uploads\/2023\/08\/PRZ03904-400x225.jpg\" data-width=\"400\" data-height=\"225\" aria-label=\"\" role=\"img\" ><\/div>\n\t\t\t\t\t\t\t\t\t\t\t\t\t\t<\/a>\n\t\t\t\t\t\t\t<a class=\"e-gallery-item elementor-gallery-item elementor-animated-content\" href=\"https:\/\/pan-barber.pl\/wp-content\/uploads\/2023\/08\/PRZ03899-scaled.jpg\" data-elementor-open-lightbox=\"yes\" data-elementor-lightbox-slideshow=\"c712f22\" data-elementor-lightbox-title=\"PRZ03899\" data-e-action-hash=\"#elementor-action%3Aaction%3Dlightbox%26settings%3DeyJpZCI6MTEwMjUsInVybCI6Imh0dHBzOlwvXC9wYW4tYmFyYmVyLnBsXC93cC1jb250ZW50XC91cGxvYWRzXC8yMDIzXC8wOFwvUFJaMDM4OTktc2NhbGVkLmpwZyIsInNsaWRlc2hvdyI6ImM3MTJmMjIifQ%3D%3D\">\n\t\t\t\t\t<div class=\"e-gallery-image elementor-gallery-item__image\" data-thumbnail=\"https:\/\/pan-barber.pl\/wp-content\/uploads\/2023\/08\/PRZ03899-400x225.jpg\" data-width=\"400\" data-height=\"225\" aria-label=\"\" role=\"img\" ><\/div>\n\t\t\t\t\t\t\t\t\t\t\t\t\t\t<\/a>\n\t\t\t\t\t\t\t<a class=\"e-gallery-item elementor-gallery-item elementor-animated-content\" href=\"https:\/\/pan-barber.pl\/wp-content\/uploads\/2023\/08\/PRZ03892-scaled.jpg\" data-elementor-open-lightbox=\"yes\" data-elementor-lightbox-slideshow=\"c712f22\" data-elementor-lightbox-title=\"PRZ03892\" data-e-action-hash=\"#elementor-action%3Aaction%3Dlightbox%26settings%3DeyJpZCI6MTEwMjQsInVybCI6Imh0dHBzOlwvXC9wYW4tYmFyYmVyLnBsXC93cC1jb250ZW50XC91cGxvYWRzXC8yMDIzXC8wOFwvUFJaMDM4OTItc2NhbGVkLmpwZyIsInNsaWRlc2hvdyI6ImM3MTJmMjIifQ%3D%3D\">\n\t\t\t\t\t<div class=\"e-gallery-image elementor-gallery-item__image\" data-thumbnail=\"https:\/\/pan-barber.pl\/wp-content\/uploads\/2023\/08\/PRZ03892-400x225.jpg\" data-width=\"400\" data-height=\"225\" aria-label=\"\" role=\"img\" ><\/div>\n\t\t\t\t\t\t\t\t\t\t\t\t\t\t<\/a>\n\t\t\t\t\t<\/div>\n\t\t\t\t\t<\/div>\n\t\t\t\t<\/div>\n\t\t\t\t\t<\/div>\n\t\t<\/div>\n\t\t\t\t\t<\/div>\n\t\t<\/section>\n\t\t\t\t<\/div>","protected":false},"excerpt":{"rendered":"<p>\u0141a\u0144cut Rzesz\u00f3w<\/p>","protected":false},"author":1,"featured_media":0,"parent":0,"menu_order":0,"comment_status":"closed","ping_status":"closed","template":"","meta":{"footnotes":""},"class_list":["post-10910","page","type-page","status-publish","hentry"],"yoast_head":"<!-- This site is optimized with the Yoast SEO plugin v27.1.1 - https:\/\/yoast.com\/product\/yoast-seo-wordpress\/ -->\n<title>Galeria - Pan Barber Barbershop<\/title>\n<meta name=\"robots\" content=\"index, follow, max-snippet:-1, max-image-preview:large, max-video-preview:-1\" \/>\n<link rel=\"canonical\" href=\"https:\/\/pan-barber.pl\/en\/galeria\/\" \/>\n<meta property=\"og:locale\" content=\"en_US\" \/>\n<meta property=\"og:type\" content=\"article\" \/>\n<meta property=\"og:title\" content=\"Galeria - Pan Barber Barbershop\" \/>\n<meta property=\"og:description\" content=\"\u0141a\u0144cut Rzesz\u00f3w\" \/>\n<meta property=\"og:url\" content=\"https:\/\/pan-barber.pl\/en\/galeria\/\" \/>\n<meta property=\"og:site_name\" content=\"Pan Barber Barbershop\" \/>\n<meta property=\"article:modified_time\" content=\"2024-06-09T17:49:44+00:00\" \/>\n<meta name=\"twitter:card\" content=\"summary_large_image\" \/>\n<meta name=\"twitter:label1\" content=\"Est. reading time\" \/>\n\t<meta name=\"twitter:data1\" content=\"1 minute\" \/>\n<script type=\"application\/ld+json\" class=\"yoast-schema-graph\">{\"@context\":\"https:\/\/schema.org\",\"@graph\":[{\"@type\":\"WebPage\",\"@id\":\"https:\/\/pan-barber.pl\/galeria\/\",\"url\":\"https:\/\/pan-barber.pl\/galeria\/\",\"name\":\"Galeria - Pan Barber Barbershop\",\"isPartOf\":{\"@id\":\"https:\/\/pan-barber.pl\/#website\"},\"datePublished\":\"2022-12-15T23:41:13+00:00\",\"dateModified\":\"2024-06-09T17:49:44+00:00\",\"breadcrumb\":{\"@id\":\"https:\/\/pan-barber.pl\/galeria\/#breadcrumb\"},\"inLanguage\":\"en-US\",\"potentialAction\":[{\"@type\":\"ReadAction\",\"target\":[\"https:\/\/pan-barber.pl\/galeria\/\"]}]},{\"@type\":\"BreadcrumbList\",\"@id\":\"https:\/\/pan-barber.pl\/galeria\/#breadcrumb\",\"itemListElement\":[{\"@type\":\"ListItem\",\"position\":1,\"name\":\"Strona g\u0142\u00f3wna\",\"item\":\"https:\/\/pan-barber.pl\/\"},{\"@type\":\"ListItem\",\"position\":2,\"name\":\"Galeria\"}]},{\"@type\":\"WebSite\",\"@id\":\"https:\/\/pan-barber.pl\/#website\",\"url\":\"https:\/\/pan-barber.pl\/\",\"name\":\"Pan Barber Barbershop\",\"description\":\"Zarezerwuj Swoj\u0105 Wizyt\u0119 \",\"publisher\":{\"@id\":\"https:\/\/pan-barber.pl\/#organization\"},\"potentialAction\":[{\"@type\":\"SearchAction\",\"target\":{\"@type\":\"EntryPoint\",\"urlTemplate\":\"https:\/\/pan-barber.pl\/?s={search_term_string}\"},\"query-input\":{\"@type\":\"PropertyValueSpecification\",\"valueRequired\":true,\"valueName\":\"search_term_string\"}}],\"inLanguage\":\"en-US\"},{\"@type\":\"Organization\",\"@id\":\"https:\/\/pan-barber.pl\/#organization\",\"name\":\"Pan Barber Barbershop\",\"url\":\"https:\/\/pan-barber.pl\/\",\"logo\":{\"@type\":\"ImageObject\",\"inLanguage\":\"en-US\",\"@id\":\"https:\/\/pan-barber.pl\/#\/schema\/logo\/image\/\",\"url\":\"https:\/\/pan-barber.pl\/wp-content\/uploads\/2022\/09\/barber-logo-new.jpg\",\"contentUrl\":\"https:\/\/pan-barber.pl\/wp-content\/uploads\/2022\/09\/barber-logo-new.jpg\",\"width\":2048,\"height\":1756,\"caption\":\"Pan Barber Barbershop\"},\"image\":{\"@id\":\"https:\/\/pan-barber.pl\/#\/schema\/logo\/image\/\"}}]}<\/script>\n<!-- \/ Yoast SEO plugin. -->","yoast_head_json":{"title":"Galeria - Pan Barber Barbershop","robots":{"index":"index","follow":"follow","max-snippet":"max-snippet:-1","max-image-preview":"max-image-preview:large","max-video-preview":"max-video-preview:-1"},"canonical":"https:\/\/pan-barber.pl\/en\/galeria\/","og_locale":"en_US","og_type":"article","og_title":"Galeria - Pan Barber Barbershop","og_description":"\u0141a\u0144cut Rzesz\u00f3w","og_url":"https:\/\/pan-barber.pl\/en\/galeria\/","og_site_name":"Pan Barber Barbershop","article_modified_time":"2024-06-09T17:49:44+00:00","twitter_card":"summary_large_image","twitter_misc":{"Est. reading time":"1 minute"},"schema":{"@context":"https:\/\/schema.org","@graph":[{"@type":"WebPage","@id":"https:\/\/pan-barber.pl\/galeria\/","url":"https:\/\/pan-barber.pl\/galeria\/","name":"Galeria - Pan Barber Barbershop","isPartOf":{"@id":"https:\/\/pan-barber.pl\/#website"},"datePublished":"2022-12-15T23:41:13+00:00","dateModified":"2024-06-09T17:49:44+00:00","breadcrumb":{"@id":"https:\/\/pan-barber.pl\/galeria\/#breadcrumb"},"inLanguage":"en-US","potentialAction":[{"@type":"ReadAction","target":["https:\/\/pan-barber.pl\/galeria\/"]}]},{"@type":"BreadcrumbList","@id":"https:\/\/pan-barber.pl\/galeria\/#breadcrumb","itemListElement":[{"@type":"ListItem","position":1,"name":"Strona g\u0142\u00f3wna","item":"https:\/\/pan-barber.pl\/"},{"@type":"ListItem","position":2,"name":"Galeria"}]},{"@type":"WebSite","@id":"https:\/\/pan-barber.pl\/#website","url":"https:\/\/pan-barber.pl\/","name":"Pan Barber Barbershop","description":"Zarezerwuj Swoj\u0105 Wizyt\u0119","publisher":{"@id":"https:\/\/pan-barber.pl\/#organization"},"potentialAction":[{"@type":"SearchAction","target":{"@type":"EntryPoint","urlTemplate":"https:\/\/pan-barber.pl\/?s={search_term_string}"},"query-input":{"@type":"PropertyValueSpecification","valueRequired":true,"valueName":"search_term_string"}}],"inLanguage":"en-US"},{"@type":"Organization","@id":"https:\/\/pan-barber.pl\/#organization","name":"Pan Barber Barbershop","url":"https:\/\/pan-barber.pl\/","logo":{"@type":"ImageObject","inLanguage":"en-US","@id":"https:\/\/pan-barber.pl\/#\/schema\/logo\/image\/","url":"https:\/\/pan-barber.pl\/wp-content\/uploads\/2022\/09\/barber-logo-new.jpg","contentUrl":"https:\/\/pan-barber.pl\/wp-content\/uploads\/2022\/09\/barber-logo-new.jpg","width":2048,"height":1756,"caption":"Pan Barber Barbershop"},"image":{"@id":"https:\/\/pan-barber.pl\/#\/schema\/logo\/image\/"}}]}},"_links":{"self":[{"href":"https:\/\/pan-barber.pl\/en\/wp-json\/wp\/v2\/pages\/10910","targetHints":{"allow":["GET"]}}],"collection":[{"href":"https:\/\/pan-barber.pl\/en\/wp-json\/wp\/v2\/pages"}],"about":[{"href":"https:\/\/pan-barber.pl\/en\/wp-json\/wp\/v2\/types\/page"}],"author":[{"embeddable":true,"href":"https:\/\/pan-barber.pl\/en\/wp-json\/wp\/v2\/users\/1"}],"replies":[{"embeddable":true,"href":"https:\/\/pan-barber.pl\/en\/wp-json\/wp\/v2\/comments?post=10910"}],"version-history":[{"count":17,"href":"https:\/\/pan-barber.pl\/en\/wp-json\/wp\/v2\/pages\/10910\/revisions"}],"predecessor-version":[{"id":11181,"href":"https:\/\/pan-barber.pl\/en\/wp-json\/wp\/v2\/pages\/10910\/revisions\/11181"}],"wp:attachment":[{"href":"https:\/\/pan-barber.pl\/en\/wp-json\/wp\/v2\/media?parent=10910"}],"curies":[{"name":"wp","href":"https:\/\/api.w.org\/{rel}","templated":true}]}}